{"id":96,"date":"2018-10-22T04:58:55","date_gmt":"2018-10-22T04:58:55","guid":{"rendered":"http:\/\/www.zapateriachis.com\/tienda\/?post_type=product&#038;p=96"},"modified":"2019-04-07T00:10:19","modified_gmt":"2019-04-07T00:10:19","slug":"azuld-calzado-en-cuero-para-bebe-nina","status":"publish","type":"product","link":"https:\/\/www.zapateriachis.com\/tienda\/producto\/azuld-calzado-en-cuero-para-bebe-nina\/","title":{"rendered":"AZULD calzado en cuero para beb\u00e9 ni\u00f1a"},"content":{"rendered":"<p>&#8211; Livianos.<br \/>\n&#8211; C\u00f3modos.<br \/>\n&#8211; Flexibles.<br \/>\n&#8211; Modelo moderno y elegante.<br \/>\n&#8211; Permite alojar los pies sin da\u00f1ar el crecimiento y desarrollo de los m\u00fasculos.<br \/>\n&#8211; Suela suave.<br \/>\n&#8211; Cuero peruano<br \/>\n&#8211; Planta de goma<br \/>\n&#8211; Interior antitranspirante<br \/>\n&#8211; Plantilla de badana<br \/>\n&#8211; Modelo pibe<br \/>\n&#8211; Recomendado para recien caminantes. Primeros pasos<br \/>\n&#8211; Calzado para bebe ni\u00f1a<\/p>\n","protected":false},"excerpt":{"rendered":"<p>Calzado pibe en cuero peruano para beb\u00e9s ni\u00f1as<\/p>\n","protected":false},"featured_media":283,"comment_status":"open","ping_status":"closed","template":"","meta":{"spay_email":"","jetpack_publicize_message":"","jetpack_is_tweetstorm":false,"jetpack_publicize_feature_enabled":true},"product_cat":[15,17,16],"product_tag":[55,57,21,19,56,58,65,59,60,62,63,61],"yoast_head":"<!-- This site is optimized with the Yoast SEO plugin v18.3 - https:\/\/yoast.com\/wordpress\/plugins\/seo\/ -->\n<title>AZULD calzado en cuero para beb\u00e9 ni\u00f1a - Calzados de Bebes ni\u00f1os y ni\u00f1as<\/title>\n<meta name=\"robots\" content=\"index, follow, max-snippet:-1, max-image-preview:large, max-video-preview:-1\" \/>\n<link rel=\"canonical\" href=\"https:\/\/www.zapateriachis.com\/tienda\/producto\/azuld-calzado-en-cuero-para-bebe-nina\/\" \/>\n<meta property=\"og:locale\" content=\"es_ES\" \/>\n<meta property=\"og:type\" content=\"article\" \/>\n<meta property=\"og:title\" content=\"AZULD calzado en cuero para beb\u00e9 ni\u00f1a - Calzados de Bebes ni\u00f1os y ni\u00f1as\" \/>\n<meta property=\"og:description\" content=\"Calzado pibe en cuero peruano para beb\u00e9s ni\u00f1as\" \/>\n<meta property=\"og:url\" content=\"https:\/\/www.zapateriachis.com\/tienda\/producto\/azuld-calzado-en-cuero-para-bebe-nina\/\" \/>\n<meta property=\"og:site_name\" content=\"Calzados de Bebes ni\u00f1os y ni\u00f1as\" \/>\n<meta property=\"article:modified_time\" content=\"2019-04-07T00:10:19+00:00\" \/>\n<meta property=\"og:image\" content=\"https:\/\/www.zapateriachis.com\/tienda\/wp-content\/uploads\/2018\/10\/AZULD-AZUL.jpg\" \/>\n\t<meta property=\"og:image:width\" content=\"1200\" \/>\n\t<meta property=\"og:image:height\" content=\"900\" \/>\n\t<meta property=\"og:image:type\" content=\"image\/jpeg\" \/>\n<meta name=\"twitter:card\" content=\"summary_large_image\" \/>\n<script type=\"application\/ld+json\" class=\"yoast-schema-graph\">{\"@context\":\"https:\/\/schema.org\",\"@graph\":[{\"@type\":\"WebSite\",\"@id\":\"https:\/\/www.zapateriachis.com\/tienda\/#website\",\"url\":\"https:\/\/www.zapateriachis.com\/tienda\/\",\"name\":\"Calzados de Bebes ni\u00f1os y ni\u00f1as\",\"description\":\"Modelos pibe semiortopedico para bebes ni\u00f1os y ni\u00f1as\",\"potentialAction\":[{\"@type\":\"SearchAction\",\"target\":{\"@type\":\"EntryPoint\",\"urlTemplate\":\"https:\/\/www.zapateriachis.com\/tienda\/?s={search_term_string}\"},\"query-input\":\"required name=search_term_string\"}],\"inLanguage\":\"es\"},{\"@type\":\"ImageObject\",\"@id\":\"https:\/\/www.zapateriachis.com\/tienda\/producto\/azuld-calzado-en-cuero-para-bebe-nina\/#primaryimage\",\"inLanguage\":\"es\",\"url\":\"https:\/\/www.zapateriachis.com\/tienda\/wp-content\/uploads\/2018\/10\/AZULD-AZUL.jpg\",\"contentUrl\":\"https:\/\/www.zapateriachis.com\/tienda\/wp-content\/uploads\/2018\/10\/AZULD-AZUL.jpg\",\"width\":1200,\"height\":900},{\"@type\":\"WebPage\",\"@id\":\"https:\/\/www.zapateriachis.com\/tienda\/producto\/azuld-calzado-en-cuero-para-bebe-nina\/#webpage\",\"url\":\"https:\/\/www.zapateriachis.com\/tienda\/producto\/azuld-calzado-en-cuero-para-bebe-nina\/\",\"name\":\"AZULD calzado en cuero para beb\u00e9 ni\u00f1a - Calzados de Bebes ni\u00f1os y ni\u00f1as\",\"isPartOf\":{\"@id\":\"https:\/\/www.zapateriachis.com\/tienda\/#website\"},\"primaryImageOfPage\":{\"@id\":\"https:\/\/www.zapateriachis.com\/tienda\/producto\/azuld-calzado-en-cuero-para-bebe-nina\/#primaryimage\"},\"datePublished\":\"2018-10-22T04:58:55+00:00\",\"dateModified\":\"2019-04-07T00:10:19+00:00\",\"breadcrumb\":{\"@id\":\"https:\/\/www.zapateriachis.com\/tienda\/producto\/azuld-calzado-en-cuero-para-bebe-nina\/#breadcrumb\"},\"inLanguage\":\"es\",\"potentialAction\":[{\"@type\":\"ReadAction\",\"target\":[\"https:\/\/www.zapateriachis.com\/tienda\/producto\/azuld-calzado-en-cuero-para-bebe-nina\/\"]}]},{\"@type\":\"BreadcrumbList\",\"@id\":\"https:\/\/www.zapateriachis.com\/tienda\/producto\/azuld-calzado-en-cuero-para-bebe-nina\/#breadcrumb\",\"itemListElement\":[{\"@type\":\"ListItem\",\"position\":1,\"name\":\"Portada\",\"item\":\"https:\/\/www.zapateriachis.com\/tienda\/\"},{\"@type\":\"ListItem\",\"position\":2,\"name\":\"Tienda\",\"item\":\"https:\/\/www.zapateriachis.com\/tienda\/tienda\/\"},{\"@type\":\"ListItem\",\"position\":3,\"name\":\"AZULD calzado en cuero para beb\u00e9 ni\u00f1a\"}]}]}<\/script>\n<!-- \/ Yoast SEO plugin. -->","yoast_head_json":{"title":"AZULD calzado en cuero para beb\u00e9 ni\u00f1a - Calzados de Bebes ni\u00f1os y ni\u00f1as","robots":{"index":"index","follow":"follow","max-snippet":"max-snippet:-1","max-image-preview":"max-image-preview:large","max-video-preview":"max-video-preview:-1"},"canonical":"https:\/\/www.zapateriachis.com\/tienda\/producto\/azuld-calzado-en-cuero-para-bebe-nina\/","og_locale":"es_ES","og_type":"article","og_title":"AZULD calzado en cuero para beb\u00e9 ni\u00f1a - Calzados de Bebes ni\u00f1os y ni\u00f1as","og_description":"Calzado pibe en cuero peruano para beb\u00e9s ni\u00f1as","og_url":"https:\/\/www.zapateriachis.com\/tienda\/producto\/azuld-calzado-en-cuero-para-bebe-nina\/","og_site_name":"Calzados de Bebes ni\u00f1os y ni\u00f1as","article_modified_time":"2019-04-07T00:10:19+00:00","og_image":[{"width":1200,"height":900,"url":"https:\/\/www.zapateriachis.com\/tienda\/wp-content\/uploads\/2018\/10\/AZULD-AZUL.jpg","type":"image\/jpeg"}],"twitter_card":"summary_large_image","schema":{"@context":"https:\/\/schema.org","@graph":[{"@type":"WebSite","@id":"https:\/\/www.zapateriachis.com\/tienda\/#website","url":"https:\/\/www.zapateriachis.com\/tienda\/","name":"Calzados de Bebes ni\u00f1os y ni\u00f1as","description":"Modelos pibe semiortopedico para bebes ni\u00f1os y ni\u00f1as","potentialAction":[{"@type":"SearchAction","target":{"@type":"EntryPoint","urlTemplate":"https:\/\/www.zapateriachis.com\/tienda\/?s={search_term_string}"},"query-input":"required name=search_term_string"}],"inLanguage":"es"},{"@type":"ImageObject","@id":"https:\/\/www.zapateriachis.com\/tienda\/producto\/azuld-calzado-en-cuero-para-bebe-nina\/#primaryimage","inLanguage":"es","url":"https:\/\/www.zapateriachis.com\/tienda\/wp-content\/uploads\/2018\/10\/AZULD-AZUL.jpg","contentUrl":"https:\/\/www.zapateriachis.com\/tienda\/wp-content\/uploads\/2018\/10\/AZULD-AZUL.jpg","width":1200,"height":900},{"@type":"WebPage","@id":"https:\/\/www.zapateriachis.com\/tienda\/producto\/azuld-calzado-en-cuero-para-bebe-nina\/#webpage","url":"https:\/\/www.zapateriachis.com\/tienda\/producto\/azuld-calzado-en-cuero-para-bebe-nina\/","name":"AZULD calzado en cuero para beb\u00e9 ni\u00f1a - Calzados de Bebes ni\u00f1os y ni\u00f1as","isPartOf":{"@id":"https:\/\/www.zapateriachis.com\/tienda\/#website"},"primaryImageOfPage":{"@id":"https:\/\/www.zapateriachis.com\/tienda\/producto\/azuld-calzado-en-cuero-para-bebe-nina\/#primaryimage"},"datePublished":"2018-10-22T04:58:55+00:00","dateModified":"2019-04-07T00:10:19+00:00","breadcrumb":{"@id":"https:\/\/www.zapateriachis.com\/tienda\/producto\/azuld-calzado-en-cuero-para-bebe-nina\/#breadcrumb"},"inLanguage":"es","potentialAction":[{"@type":"ReadAction","target":["https:\/\/www.zapateriachis.com\/tienda\/producto\/azuld-calzado-en-cuero-para-bebe-nina\/"]}]},{"@type":"BreadcrumbList","@id":"https:\/\/www.zapateriachis.com\/tienda\/producto\/azuld-calzado-en-cuero-para-bebe-nina\/#breadcrumb","itemListElement":[{"@type":"ListItem","position":1,"name":"Portada","item":"https:\/\/www.zapateriachis.com\/tienda\/"},{"@type":"ListItem","position":2,"name":"Tienda","item":"https:\/\/www.zapateriachis.com\/tienda\/tienda\/"},{"@type":"ListItem","position":3,"name":"AZULD calzado en cuero para beb\u00e9 ni\u00f1a"}]}]}},"jetpack_publicize_connections":[],"jetpack_sharing_enabled":true,"_links":{"self":[{"href":"https:\/\/www.zapateriachis.com\/tienda\/wp-json\/wp\/v2\/product\/96"}],"collection":[{"href":"https:\/\/www.zapateriachis.com\/tienda\/wp-json\/wp\/v2\/product"}],"about":[{"href":"https:\/\/www.zapateriachis.com\/tienda\/wp-json\/wp\/v2\/types\/product"}],"replies":[{"embeddable":true,"href":"https:\/\/www.zapateriachis.com\/tienda\/wp-json\/wp\/v2\/comments?post=96"}],"wp:featuredmedia":[{"embeddable":true,"href":"https:\/\/www.zapateriachis.com\/tienda\/wp-json\/wp\/v2\/media\/283"}],"wp:attachment":[{"href":"https:\/\/www.zapateriachis.com\/tienda\/wp-json\/wp\/v2\/media?parent=96"}],"wp:term":[{"taxonomy":"product_cat","embeddable":true,"href":"https:\/\/www.zapateriachis.com\/tienda\/wp-json\/wp\/v2\/product_cat?post=96"},{"taxonomy":"product_tag","embeddable":true,"href":"https:\/\/www.zapateriachis.com\/tienda\/wp-json\/wp\/v2\/product_tag?post=96"}],"curies":[{"name":"wp","href":"https:\/\/api.w.org\/{rel}","templated":true}]}}