{"id":1574,"date":"2020-01-25T20:55:15","date_gmt":"2020-01-25T20:55:15","guid":{"rendered":"https:\/\/www.zapateriachis.com\/tienda\/?post_type=product&#038;p=1574"},"modified":"2022-03-14T05:22:09","modified_gmt":"2022-03-14T05:22:09","slug":"paquete-de-85","status":"publish","type":"product","link":"https:\/\/www.zapateriachis.com\/tienda\/producto\/paquete-de-85\/","title":{"rendered":"Paquete de 85"},"content":{"rendered":"<p>Antes de darle comprar:<br \/>\nCoordinar modelos y tallas por WhatsApp: 945 042 746 &#8211;&gt; <a href=\"https:\/\/goo.gl\/nPnuYN\" target=\"_blank\" rel=\"noopener noreferrer\">https:\/\/goo.gl\/nPnuYN<\/a><br \/>\nO a trav\u00e9s de inbox por nuestro Fans Page Facebook: <a href=\"https:\/\/www.facebook.com\/zapatosbebes\/\" target=\"_blank\" rel=\"noopener noreferrer\">https:\/\/www.facebook.com\/zapatosbebes\/<\/a><\/p>\n","protected":false},"excerpt":{"rendered":"<p>Antes de darle comprar:<br \/>\nCoordinar modelos y tallas por WhatsApp: 945 042 746 &#8211;&gt; <a href=\"https:\/\/goo.gl\/nPnuYN\" target=\"_blank\" rel=\"noopener noreferrer\">https:\/\/goo.gl\/nPnuYN<\/a><br \/>\nO a trav\u00e9s de inbox por nuestro Fans Page Facebook: <a href=\"https:\/\/www.facebook.com\/zapatosbebes\/\" target=\"_blank\" rel=\"noopener noreferrer\">https:\/\/www.facebook.com\/zapatosbebes\/<\/a><\/p>\n","protected":false},"featured_media":1744,"comment_status":"open","ping_status":"closed","template":"","meta":{"spay_email":"","jetpack_publicize_message":"","jetpack_is_tweetstorm":false,"jetpack_publicize_feature_enabled":true},"product_cat":[128],"product_tag":[],"yoast_head":"<!-- This site is optimized with the Yoast SEO plugin v18.3 - https:\/\/yoast.com\/wordpress\/plugins\/seo\/ -->\n<title>Paquete de 85 - Calzados de Bebes ni\u00f1os y ni\u00f1as<\/title>\n<meta name=\"robots\" content=\"index, follow, max-snippet:-1, max-image-preview:large, max-video-preview:-1\" \/>\n<link rel=\"canonical\" href=\"https:\/\/www.zapateriachis.com\/tienda\/producto\/paquete-de-85\/\" \/>\n<meta property=\"og:locale\" content=\"es_ES\" \/>\n<meta property=\"og:type\" content=\"article\" \/>\n<meta property=\"og:title\" content=\"Paquete de 85 - Calzados de Bebes ni\u00f1os y ni\u00f1as\" \/>\n<meta property=\"og:description\" content=\"Antes de darle comprar: Coordinar modelos y tallas por WhatsApp: 945 042 746 --&gt; https:\/\/goo.gl\/nPnuYN O a trav\u00e9s de inbox por nuestro Fans Page Facebook: https:\/\/www.facebook.com\/zapatosbebes\/\" \/>\n<meta property=\"og:url\" content=\"https:\/\/www.zapateriachis.com\/tienda\/producto\/paquete-de-85\/\" \/>\n<meta property=\"og:site_name\" content=\"Calzados de Bebes ni\u00f1os y ni\u00f1as\" \/>\n<meta property=\"article:modified_time\" content=\"2022-03-14T05:22:09+00:00\" \/>\n<meta property=\"og:image\" content=\"https:\/\/www.zapateriachis.com\/tienda\/wp-content\/uploads\/2020\/01\/2-1.jpg\" \/>\n\t<meta property=\"og:image:width\" content=\"1200\" \/>\n\t<meta property=\"og:image:height\" content=\"900\" \/>\n\t<meta property=\"og:image:type\" content=\"image\/jpeg\" \/>\n<meta name=\"twitter:card\" content=\"summary_large_image\" \/>\n<script type=\"application\/ld+json\" class=\"yoast-schema-graph\">{\"@context\":\"https:\/\/schema.org\",\"@graph\":[{\"@type\":\"WebSite\",\"@id\":\"https:\/\/www.zapateriachis.com\/tienda\/#website\",\"url\":\"https:\/\/www.zapateriachis.com\/tienda\/\",\"name\":\"Calzados de Bebes ni\u00f1os y ni\u00f1as\",\"description\":\"Modelos pibe semiortopedico para bebes ni\u00f1os y ni\u00f1as\",\"potentialAction\":[{\"@type\":\"SearchAction\",\"target\":{\"@type\":\"EntryPoint\",\"urlTemplate\":\"https:\/\/www.zapateriachis.com\/tienda\/?s={search_term_string}\"},\"query-input\":\"required name=search_term_string\"}],\"inLanguage\":\"es\"},{\"@type\":\"ImageObject\",\"@id\":\"https:\/\/www.zapateriachis.com\/tienda\/producto\/paquete-de-85\/#primaryimage\",\"inLanguage\":\"es\",\"url\":\"https:\/\/www.zapateriachis.com\/tienda\/wp-content\/uploads\/2020\/01\/2-1.jpg\",\"contentUrl\":\"https:\/\/www.zapateriachis.com\/tienda\/wp-content\/uploads\/2020\/01\/2-1.jpg\",\"width\":1200,\"height\":900,\"caption\":\"calzados bebe\"},{\"@type\":\"WebPage\",\"@id\":\"https:\/\/www.zapateriachis.com\/tienda\/producto\/paquete-de-85\/#webpage\",\"url\":\"https:\/\/www.zapateriachis.com\/tienda\/producto\/paquete-de-85\/\",\"name\":\"Paquete de 85 - Calzados de Bebes ni\u00f1os y ni\u00f1as\",\"isPartOf\":{\"@id\":\"https:\/\/www.zapateriachis.com\/tienda\/#website\"},\"primaryImageOfPage\":{\"@id\":\"https:\/\/www.zapateriachis.com\/tienda\/producto\/paquete-de-85\/#primaryimage\"},\"datePublished\":\"2020-01-25T20:55:15+00:00\",\"dateModified\":\"2022-03-14T05:22:09+00:00\",\"breadcrumb\":{\"@id\":\"https:\/\/www.zapateriachis.com\/tienda\/producto\/paquete-de-85\/#breadcrumb\"},\"inLanguage\":\"es\",\"potentialAction\":[{\"@type\":\"ReadAction\",\"target\":[\"https:\/\/www.zapateriachis.com\/tienda\/producto\/paquete-de-85\/\"]}]},{\"@type\":\"BreadcrumbList\",\"@id\":\"https:\/\/www.zapateriachis.com\/tienda\/producto\/paquete-de-85\/#breadcrumb\",\"itemListElement\":[{\"@type\":\"ListItem\",\"position\":1,\"name\":\"Portada\",\"item\":\"https:\/\/www.zapateriachis.com\/tienda\/\"},{\"@type\":\"ListItem\",\"position\":2,\"name\":\"Tienda\",\"item\":\"https:\/\/www.zapateriachis.com\/tienda\/tienda\/\"},{\"@type\":\"ListItem\",\"position\":3,\"name\":\"Paquete de 85\"}]}]}<\/script>\n<!-- \/ Yoast SEO plugin. -->","yoast_head_json":{"title":"Paquete de 85 - Calzados de Bebes ni\u00f1os y ni\u00f1as","robots":{"index":"index","follow":"follow","max-snippet":"max-snippet:-1","max-image-preview":"max-image-preview:large","max-video-preview":"max-video-preview:-1"},"canonical":"https:\/\/www.zapateriachis.com\/tienda\/producto\/paquete-de-85\/","og_locale":"es_ES","og_type":"article","og_title":"Paquete de 85 - Calzados de Bebes ni\u00f1os y ni\u00f1as","og_description":"Antes de darle comprar: Coordinar modelos y tallas por WhatsApp: 945 042 746 --&gt; https:\/\/goo.gl\/nPnuYN O a trav\u00e9s de inbox por nuestro Fans Page Facebook: https:\/\/www.facebook.com\/zapatosbebes\/","og_url":"https:\/\/www.zapateriachis.com\/tienda\/producto\/paquete-de-85\/","og_site_name":"Calzados de Bebes ni\u00f1os y ni\u00f1as","article_modified_time":"2022-03-14T05:22:09+00:00","og_image":[{"width":1200,"height":900,"url":"https:\/\/www.zapateriachis.com\/tienda\/wp-content\/uploads\/2020\/01\/2-1.jpg","type":"image\/jpeg"}],"twitter_card":"summary_large_image","schema":{"@context":"https:\/\/schema.org","@graph":[{"@type":"WebSite","@id":"https:\/\/www.zapateriachis.com\/tienda\/#website","url":"https:\/\/www.zapateriachis.com\/tienda\/","name":"Calzados de Bebes ni\u00f1os y ni\u00f1as","description":"Modelos pibe semiortopedico para bebes ni\u00f1os y ni\u00f1as","potentialAction":[{"@type":"SearchAction","target":{"@type":"EntryPoint","urlTemplate":"https:\/\/www.zapateriachis.com\/tienda\/?s={search_term_string}"},"query-input":"required name=search_term_string"}],"inLanguage":"es"},{"@type":"ImageObject","@id":"https:\/\/www.zapateriachis.com\/tienda\/producto\/paquete-de-85\/#primaryimage","inLanguage":"es","url":"https:\/\/www.zapateriachis.com\/tienda\/wp-content\/uploads\/2020\/01\/2-1.jpg","contentUrl":"https:\/\/www.zapateriachis.com\/tienda\/wp-content\/uploads\/2020\/01\/2-1.jpg","width":1200,"height":900,"caption":"calzados bebe"},{"@type":"WebPage","@id":"https:\/\/www.zapateriachis.com\/tienda\/producto\/paquete-de-85\/#webpage","url":"https:\/\/www.zapateriachis.com\/tienda\/producto\/paquete-de-85\/","name":"Paquete de 85 - Calzados de Bebes ni\u00f1os y ni\u00f1as","isPartOf":{"@id":"https:\/\/www.zapateriachis.com\/tienda\/#website"},"primaryImageOfPage":{"@id":"https:\/\/www.zapateriachis.com\/tienda\/producto\/paquete-de-85\/#primaryimage"},"datePublished":"2020-01-25T20:55:15+00:00","dateModified":"2022-03-14T05:22:09+00:00","breadcrumb":{"@id":"https:\/\/www.zapateriachis.com\/tienda\/producto\/paquete-de-85\/#breadcrumb"},"inLanguage":"es","potentialAction":[{"@type":"ReadAction","target":["https:\/\/www.zapateriachis.com\/tienda\/producto\/paquete-de-85\/"]}]},{"@type":"BreadcrumbList","@id":"https:\/\/www.zapateriachis.com\/tienda\/producto\/paquete-de-85\/#breadcrumb","itemListElement":[{"@type":"ListItem","position":1,"name":"Portada","item":"https:\/\/www.zapateriachis.com\/tienda\/"},{"@type":"ListItem","position":2,"name":"Tienda","item":"https:\/\/www.zapateriachis.com\/tienda\/tienda\/"},{"@type":"ListItem","position":3,"name":"Paquete de 85"}]}]}},"jetpack_publicize_connections":[],"jetpack_sharing_enabled":true,"_links":{"self":[{"href":"https:\/\/www.zapateriachis.com\/tienda\/wp-json\/wp\/v2\/product\/1574"}],"collection":[{"href":"https:\/\/www.zapateriachis.com\/tienda\/wp-json\/wp\/v2\/product"}],"about":[{"href":"https:\/\/www.zapateriachis.com\/tienda\/wp-json\/wp\/v2\/types\/product"}],"replies":[{"embeddable":true,"href":"https:\/\/www.zapateriachis.com\/tienda\/wp-json\/wp\/v2\/comments?post=1574"}],"wp:featuredmedia":[{"embeddable":true,"href":"https:\/\/www.zapateriachis.com\/tienda\/wp-json\/wp\/v2\/media\/1744"}],"wp:attachment":[{"href":"https:\/\/www.zapateriachis.com\/tienda\/wp-json\/wp\/v2\/media?parent=1574"}],"wp:term":[{"taxonomy":"product_cat","embeddable":true,"href":"https:\/\/www.zapateriachis.com\/tienda\/wp-json\/wp\/v2\/product_cat?post=1574"},{"taxonomy":"product_tag","embeddable":true,"href":"https:\/\/www.zapateriachis.com\/tienda\/wp-json\/wp\/v2\/product_tag?post=1574"}],"curies":[{"name":"wp","href":"https:\/\/api.w.org\/{rel}","templated":true}]}}