{"id":616,"date":"2018-11-12T04:21:51","date_gmt":"2018-11-12T04:21:51","guid":{"rendered":"http:\/\/www.zapateriachis.com\/tienda\/?page_id=616"},"modified":"2020-04-24T16:06:23","modified_gmt":"2020-04-24T16:06:23","slug":"bienvenida","status":"publish","type":"page","link":"https:\/\/www.zapateriachis.com\/tienda\/","title":{"rendered":"Inicio"},"content":{"rendered":"","protected":false},"excerpt":{"rendered":"","protected":false},"author":1,"featured_media":0,"parent":0,"menu_order":0,"comment_status":"closed","ping_status":"closed","template":"template-homepage.php","meta":{"spay_email":""},"yoast_head":"<!-- This site is optimized with the Yoast SEO plugin v18.3 - https:\/\/yoast.com\/wordpress\/plugins\/seo\/ -->\n<title>Inicio - Calzados de Bebes ni\u00f1os y ni\u00f1as<\/title>\n<meta name=\"robots\" content=\"index, follow, max-snippet:-1, max-image-preview:large, max-video-preview:-1\" \/>\n<link rel=\"canonical\" href=\"https:\/\/www.zapateriachis.com\/tienda\/\" \/>\n<meta property=\"og:locale\" content=\"es_ES\" \/>\n<meta property=\"og:type\" content=\"article\" \/>\n<meta property=\"og:title\" content=\"Inicio - Calzados de Bebes ni\u00f1os y ni\u00f1as\" \/>\n<meta property=\"og:url\" content=\"https:\/\/www.zapateriachis.com\/tienda\/\" \/>\n<meta property=\"og:site_name\" content=\"Calzados de Bebes ni\u00f1os y ni\u00f1as\" \/>\n<meta property=\"article:modified_time\" content=\"2020-04-24T16:06:23+00:00\" \/>\n<meta name=\"twitter:card\" content=\"summary_large_image\" \/>\n<script type=\"application\/ld+json\" class=\"yoast-schema-graph\">{\"@context\":\"https:\/\/schema.org\",\"@graph\":[{\"@type\":\"WebSite\",\"@id\":\"https:\/\/www.zapateriachis.com\/tienda\/#website\",\"url\":\"https:\/\/www.zapateriachis.com\/tienda\/\",\"name\":\"Calzados de Bebes ni\u00f1os y ni\u00f1as\",\"description\":\"Modelos pibe semiortopedico para bebes ni\u00f1os y ni\u00f1as\",\"potentialAction\":[{\"@type\":\"SearchAction\",\"target\":{\"@type\":\"EntryPoint\",\"urlTemplate\":\"https:\/\/www.zapateriachis.com\/tienda\/?s={search_term_string}\"},\"query-input\":\"required name=search_term_string\"}],\"inLanguage\":\"es\"},{\"@type\":\"WebPage\",\"@id\":\"https:\/\/www.zapateriachis.com\/tienda\/#webpage\",\"url\":\"https:\/\/www.zapateriachis.com\/tienda\/\",\"name\":\"Inicio - Calzados de Bebes ni\u00f1os y ni\u00f1as\",\"isPartOf\":{\"@id\":\"https:\/\/www.zapateriachis.com\/tienda\/#website\"},\"datePublished\":\"2018-11-12T04:21:51+00:00\",\"dateModified\":\"2020-04-24T16:06:23+00:00\",\"breadcrumb\":{\"@id\":\"https:\/\/www.zapateriachis.com\/tienda\/#breadcrumb\"},\"inLanguage\":\"es\",\"potentialAction\":[{\"@type\":\"ReadAction\",\"target\":[\"https:\/\/www.zapateriachis.com\/tienda\/\"]}]},{\"@type\":\"BreadcrumbList\",\"@id\":\"https:\/\/www.zapateriachis.com\/tienda\/#breadcrumb\",\"itemListElement\":[{\"@type\":\"ListItem\",\"position\":1,\"name\":\"Portada\",\"item\":\"https:\/\/www.zapateriachis.com\/tienda\/\"},{\"@type\":\"ListItem\",\"position\":2,\"name\":\"Inicio\"}]}]}<\/script>\n<!-- \/ Yoast SEO plugin. -->","yoast_head_json":{"title":"Inicio - Calzados de Bebes ni\u00f1os y ni\u00f1as","robots":{"index":"index","follow":"follow","max-snippet":"max-snippet:-1","max-image-preview":"max-image-preview:large","max-video-preview":"max-video-preview:-1"},"canonical":"https:\/\/www.zapateriachis.com\/tienda\/","og_locale":"es_ES","og_type":"article","og_title":"Inicio - Calzados de Bebes ni\u00f1os y ni\u00f1as","og_url":"https:\/\/www.zapateriachis.com\/tienda\/","og_site_name":"Calzados de Bebes ni\u00f1os y ni\u00f1as","article_modified_time":"2020-04-24T16:06:23+00:00","twitter_card":"summary_large_image","schema":{"@context":"https:\/\/schema.org","@graph":[{"@type":"WebSite","@id":"https:\/\/www.zapateriachis.com\/tienda\/#website","url":"https:\/\/www.zapateriachis.com\/tienda\/","name":"Calzados de Bebes ni\u00f1os y ni\u00f1as","description":"Modelos pibe semiortopedico para bebes ni\u00f1os y ni\u00f1as","potentialAction":[{"@type":"SearchAction","target":{"@type":"EntryPoint","urlTemplate":"https:\/\/www.zapateriachis.com\/tienda\/?s={search_term_string}"},"query-input":"required name=search_term_string"}],"inLanguage":"es"},{"@type":"WebPage","@id":"https:\/\/www.zapateriachis.com\/tienda\/#webpage","url":"https:\/\/www.zapateriachis.com\/tienda\/","name":"Inicio - Calzados de Bebes ni\u00f1os y ni\u00f1as","isPartOf":{"@id":"https:\/\/www.zapateriachis.com\/tienda\/#website"},"datePublished":"2018-11-12T04:21:51+00:00","dateModified":"2020-04-24T16:06:23+00:00","breadcrumb":{"@id":"https:\/\/www.zapateriachis.com\/tienda\/#breadcrumb"},"inLanguage":"es","potentialAction":[{"@type":"ReadAction","target":["https:\/\/www.zapateriachis.com\/tienda\/"]}]},{"@type":"BreadcrumbList","@id":"https:\/\/www.zapateriachis.com\/tienda\/#breadcrumb","itemListElement":[{"@type":"ListItem","position":1,"name":"Portada","item":"https:\/\/www.zapateriachis.com\/tienda\/"},{"@type":"ListItem","position":2,"name":"Inicio"}]}]}},"jetpack_sharing_enabled":true,"jetpack_shortlink":"https:\/\/wp.me\/Pan7oI-9W","_links":{"self":[{"href":"https:\/\/www.zapateriachis.com\/tienda\/wp-json\/wp\/v2\/pages\/616"}],"collection":[{"href":"https:\/\/www.zapateriachis.com\/tienda\/wp-json\/wp\/v2\/pages"}],"about":[{"href":"https:\/\/www.zapateriachis.com\/tienda\/wp-json\/wp\/v2\/types\/page"}],"author":[{"embeddable":true,"href":"https:\/\/www.zapateriachis.com\/tienda\/wp-json\/wp\/v2\/users\/1"}],"replies":[{"embeddable":true,"href":"https:\/\/www.zapateriachis.com\/tienda\/wp-json\/wp\/v2\/comments?post=616"}],"version-history":[{"count":6,"href":"https:\/\/www.zapateriachis.com\/tienda\/wp-json\/wp\/v2\/pages\/616\/revisions"}],"predecessor-version":[{"id":1683,"href":"https:\/\/www.zapateriachis.com\/tienda\/wp-json\/wp\/v2\/pages\/616\/revisions\/1683"}],"wp:attachment":[{"href":"https:\/\/www.zapateriachis.com\/tienda\/wp-json\/wp\/v2\/media?parent=616"}],"curies":[{"name":"wp","href":"https:\/\/api.w.org\/{rel}","templated":true}]}}